{"id":4756,"date":"2015-06-04T11:19:20","date_gmt":"2015-06-04T09:19:20","guid":{"rendered":"http:\/\/mandometernyc.com.preview.binero.se\/?page_id=4756"},"modified":"2024-11-27T16:24:36","modified_gmt":"2024-11-27T15:24:36","slug":"how-does-self-referral-work","status":"publish","type":"page","link":"https:\/\/mando.se\/en\/apply-for-treatment-2\/how-does-self-referral-work\/","title":{"rendered":"How does self referral work?"},"content":{"rendered":"<div class=\"wpb-content-wrapper\">[vc_row][vc_column width=&#8221;2\/3&#8243;][mk_title_box color=&#8221;#666666&#8243; highlight_color=&#8221;#000000&#8243; highlight_opacity=&#8221;0&#8243; size=&#8221;16&#8243; line_height=&#8221;26&#8243; margin_bottom=&#8221;30&#8243; font_family=&#8221;none&#8221;]You can apply for treatment with us directly via <a href=\"https:\/\/mando.se\/en\/apply-for-treatment\/self-referral\/\"><strong>self referral &gt;<\/strong><\/a>[\/mk_title_box][vc_column_text css=&#8221;.vc_custom_1732721725167{margin-bottom: 0px !important;}&#8221;]\n<div>\n<h5><span style=\"color: #bf0019;\">If you live in Region V\u00e4stra G\u00f6taland (VGR)<\/span><\/h5>\n<p>If you are registered in Region V\u00e4stra G\u00f6taland you can refer yourself directly to The Mandometer Clinic Alings\u00e5s.\u00a0 We will then call you to arrange an appointment.<\/p>\n<\/div>\n<h5><span style=\"color: #bf0019;\">If you live in Region V\u00e4rmland<\/span><\/h5>\n<p>In order for patients from Region V\u00e4rmland to receive inpatient care at the Mandometer Clinic, a referral from a doctor with specialist competence in psychiatry \/ child and adolescent psychiatry is required.<br \/>\nFor outpatient care, self-registration is sufficient. We will then call you for an appointment.<\/p>\n<h5><span style=\"color: #bf0019;\">If you live in\u00a0 Region J\u00f6nk\u00f6pings l\u00e4n<\/span><\/h5>\n<p>Patients belonging to the Region J\u00f6nk\u00f6pings l\u00e4n can be treated at our inpatient clinics in Stockholm.<br \/>\nIn addition to self-registration, a referral from a doctor with specialist competence in psychiatry \/ child and adolescent psychiatry is required. We will then call you for an appointment.<\/p>\n<div>\n<div>\n<h5><span style=\"color: #bf0019;\">If you live in Sweden,\u00a0 but not in one of the Countys listed above<\/span><\/h5>\n<\/div>\n<\/div>\n<p>All residents in Sweden are entitled to seek care and treatment from specialists domiciled anywhere in Sweden. However, please note that this applies to outpatient care only. Further, there are some requirements that need to be satisfied.<\/p>\n<p>If your home county requires a referral in order for you to obtain care at an outpatient clinic, you must ask your GP or other medical specialist for a referral to The Mandometer Clinic. You must also complete a self referral.[\/vc_column_text][vc_tta_accordion style=&#8221;flat&#8221; shape=&#8221;square&#8221; active_section=&#8221;4&#8243; no_fill=&#8221;true&#8221; collapsible_all=&#8221;true&#8221;][vc_tta_section title=&#8221;More about the Patient Act&#8221; tab_id=&#8221;1621436975267-abf31bcd-7b15&#8243;][vc_column_text css=&#8221;.vc_custom_1621437029439{margin-bottom: 0px !important;}&#8221;]<strong>What is required for a patient from one county in Sweden, say for example from\u00a0 V\u00e4stra G\u00f6taland County, to be entitled so to have care from a care provider domiciled in another county, say for example in Stockholm County?<\/strong><\/p>\n<ol>\n<li>Firstly, the patient must be eligible to receive care in the other County, in the example Stockholm County. This means that the regulations regarding referrals that apply in the other County Council, in the example Stockholm County, must be satisfied. If the other County Council accepts \u201cself referral\u201d, then this will apply also for patients from Counties outside of Stockholm, and the patient shall be entitled to receive care from the other County Council, always, of course, subject to that the patient is in need of care.<\/li>\n<li>Secondly, those regulations regarding referrals that apply in the County Council where the patient has domicile must also be satisfied. This is because otherwise the other County Council (that will provide the care) will not be paid by the home County Council. It is the provider of the care that shall control whether this requirement has been satisfied.<\/li>\n<\/ol>\n<p><strong><br \/>\nWhich waiting list rules will apply?<br \/>\n<\/strong><br \/>\nEach County Council will apply the one and the same waiting list for all patients that are seeking care in the County. It is the urgency to receive care that will decide which patient shall be offered care. Please observe that a guarantee to be offered care, which a County has granted its residents, will apply only in the County where the patient has residence. If the patient has sought care in his or her home County, or declined an offer to receive care in that County, the guarantee cannot be called upon, even if the patient has to wait for care in the other County.<\/p>\n<p><strong>Are patients entitled to have compensation for travel and accommodation costs when patients are seeking care outside of their home counties? <\/strong><\/p>\n<p>The answer is no, patients are not entitled to compensation for travel and accommodation if they choose to seek care\/treatment in another county. However, should an unforeseen need to receive care that requires the patient to have transport, the patient can be entitled to be reimbursed for travel costs.<\/p>\n<div>\n<div><strong><a href=\"http:\/\/www.1177.se\/patientlagen\" target=\"_blank\" rel=\"noopener noreferrer\">You will find information about the Patient Act on 1177.se <\/a><a href=\"http:\/\/www.1177.se\/patientlagen\" target=\"_blank\" rel=\"noopener noreferrer\">&gt;<\/a><\/strong><\/div>\n<\/div>\n[\/vc_column_text][\/vc_tta_section][\/vc_tta_accordion][mk_divider style=&#8221;thin_solid&#8221; margin_top=&#8221;30&#8243; margin_bottom=&#8221;10&#8243;][vc_row_inner][vc_column_inner width=&#8221;1\/2&#8243; css=&#8221;.vc_custom_1466413894990{padding-left: 0px !important;}&#8221;][vc_column_text css=&#8221;.vc_custom_1639066191551{margin-bottom: 0px !important;}&#8221;]\n<h2><\/h2>\n<h2><span style=\"color: #bf0019;\">New patient visits<\/span><\/h2>\n<div>\n<p>When your self referral or physician\u00b4s referral form has been assessed by one the Mandometer clinic&#8217;s doctors we will call you to arrange an appointment.<\/p>\n<p>At your first visit to the clinic, you will meet with a doctor or an experienced case manager. A detailed history of your eating disorder will be taken, and together, you will work out how the Mandometer clinic can best help you.<\/p>\n<p>During your visit we will provide you with all the information you need relating to treatment, including what happens during treatment, what our eating investigations involves, starting treatment, sick leave arrangements etc. The appointment takes about one hour.<\/p>\n<p><a href=\"\/?page_id=224\">Learn more: At the start of treatment a thorough eating evaluation is carried out <strong>\u00a0&gt;<\/strong><\/a><\/p>\n<\/div>\n[\/vc_column_text][\/vc_column_inner][vc_column_inner width=&#8221;1\/2&#8243; css=&#8221;.vc_custom_1466413902212{padding-top: 5px !important;padding-right: 0px !important;padding-left: 0px !important;}&#8221;][mk_custom_box padding_vertical=&#8221;15&#8243; padding_horizental=&#8221;10&#8243; animation=&#8221;bottom-to-top&#8221; bg_color=&#8221;#ffffff&#8221; border_color_style=&#8221;single_color&#8221; border_color=&#8221;#d3d3d3&#8243;][vc_column_text css=&#8221;.vc_custom_1585147887699{margin-bottom: 0px !important;}&#8221;]\n<h2><span style=\"color: #bf0019;\">Drop in<\/span><\/h2>\n<p>Our drop in service provides an opportunity for those who prefer not wait to be called in for a new patient visit (as per the standard self-referral\/physician&#8217;s referral process).\u00a0Drop in appointments are subject to availability and you must have previously completed a <a href=\"\/?page_id=4752\">self referral <strong>&gt;<\/strong><\/a>[\/vc_column_text][vc_tta_accordion title_tag=&#8221;h3&#8243; section_title_tag=&#8221;h5&#8243; style=&#8221;modern&#8221; shape=&#8221;square&#8221; color=&#8221;white&#8221; c_icon=&#8221;chevron&#8221; c_position=&#8221;right&#8221; active_section=&#8221;5&#8243; collapsible_all=&#8221;true&#8221;][vc_tta_section title=&#8221;Drop in schedule after November 4, 2024.&#8221; tab_id=&#8221;1729779155614-cc27ea8c-1c9a&#8221;][mk_table]\n<table border=\"0\" width=\"500\" cellspacing=\"0\" cellpadding=\"0\">\n<tbody>\n<tr>\n<td style=\"text-align: left;\" width=\"50\"><strong>Monday<\/strong><\/td>\n<td style=\"text-align: left;\">10.00-11.30<br \/>\nam<\/td>\n<td style=\"text-align: left;\"><a href=\"https:\/\/mando.se\/en\/our-clinics\/stockholm-hotorget\/\">The Mandometer Clinic H\u00f6torget <strong>&gt;<\/strong><\/a><\/td>\n<\/tr>\n<\/tbody>\n<\/table>\n[\/mk_table][\/vc_tta_section][\/vc_tta_accordion][\/mk_custom_box][\/vc_column_inner][\/vc_row_inner][\/vc_column][vc_column width=&#8221;1\/3&#8243; el_class=&#8221;MandoRightColumn&#8221;][mk_custom_box padding_vertical=&#8221;0&#8243; padding_horizental=&#8221;0&#8243; margin_bottom=&#8221;0&#8243;][mk_image src=&#8221;https:\/\/mando.se\/wp-content\/uploads\/SoktillOss_.jpg&#8221; image_size=&#8221;full&#8221; lightbox=&#8221;true&#8221; group=&#8221;_general&#8221; align=&#8221;center&#8221; margin_bottom=&#8221;25&#8243; el_class=&#8221;MandoFloatToRight&#8221; crop=&#8221;false&#8221;][\/mk_custom_box][mk_custom_box padding_vertical=&#8221;10&#8243; padding_horizental=&#8221;10&#8243; border_color_style=&#8221;single_color&#8221; border_color=&#8221;#d3d3d3&#8243;][vc_column_text]\n<h2><span style=\"color: #bf0019;\"><span class=\"callout-title\">How much does it cost?<\/span><\/span><\/h2>\n<div>\n<p>If you are a Swedish citizen or resident, please view the <a href=\"\/?page_id=3970\">Swedish website for information relating to treatment cost <strong>&gt;<\/strong><\/a><\/p>\n<p>If you are from a country other than Sweden, please contact us for treatment costs.<\/p>\n<p>+46 (0)8 556 406 00<br \/>\ninfo@mando.se<\/p>\n<p>There are healthcare agreements in place between the EC countries. The S2 (formerly E112) route entitles you to state-funded treatment in another European Economic Area (EEA) country or Switzerland.\u00a0Learn more at<a href=\"http:\/\/www.nhs.uk\/NHSEngland\/Healthcareabroad\/plannedtreatment\/Pages\/TheE112.aspx\" target=\"_blank\" rel=\"noopener noreferrer\">\u00a0www.nhs.uk \u00a0<strong>&gt;<\/strong><\/a><\/p>\n<\/div>\n[\/vc_column_text][\/mk_custom_box][mk_custom_sidebar sidebar=&#8221;sidebar-19&#8243;][\/vc_column][\/vc_row][vc_row][vc_column][mk_divider style=&#8221;thin_solid&#8221; margin_top=&#8221;10&#8243;][\/vc_column][\/vc_row][vc_row][vc_column width=&#8221;2\/3&#8243; css=&#8221;.vc_custom_1431514782370{padding-right: 10px !important;}&#8221;][mk_custom_box padding_vertical=&#8221;0&#8243; padding_horizental=&#8221;0&#8243; margin_bottom=&#8221;0&#8243;][vc_row_inner][vc_column_inner width=&#8221;5\/12&#8243; css=&#8221;.vc_custom_1466413923357{padding-left: 0px !important;}&#8221;][mk_image src=&#8221;https:\/\/mando.se\/wp-content\/uploads\/mandometerklinikerna_p.png&#8221; image_size=&#8221;full&#8221; group=&#8221;_general&#8221; link=&#8221;\/en\/our-clinics\/&#8221; align=&#8221;center&#8221; margin_bottom=&#8221;15&#8243; crop=&#8221;false&#8221;][\/vc_column_inner][vc_column_inner width=&#8221;7\/12&#8243;][mk_icon_box icon=&#8221;no&#8221; title=&#8221;Mando is a latin for \u201cI eat\u201d. Our clinics are located in Sweden; in Stockholm and in Alings\u00e5s&#8221; text_size=&#8221;24&#8243; font_weight=&#8221;300&#8243; read_more_txt=&#8221;Our clinics&#8221; read_more_url=&#8221;\/en\/our-clinics\/&#8221; icon_color=&#8221;#a1ce8e&#8221; icon_circle_color=&#8221;#a1ce8e&#8221; margin=&#8221;0&#8243; el_class=&#8221;MandoIconBox&#8221;][\/mk_icon_box][\/vc_column_inner][\/vc_row_inner][\/mk_custom_box][mk_divider style=&#8221;thin_solid&#8221; margin_top=&#8221;0&#8243; margin_bottom=&#8221;15&#8243;][mk_custom_box padding_vertical=&#8221;0&#8243; padding_horizental=&#8221;0&#8243; margin_bottom=&#8221;0&#8243;][vc_row_inner][vc_column_inner width=&#8221;5\/12&#8243; css=&#8221;.vc_custom_1466413929868{padding-left: 0px !important;}&#8221;][mk_image src=&#8221;https:\/\/mando.se\/wp-content\/uploads\/katarina.png&#8221; image_size=&#8221;full&#8221; group=&#8221;_general&#8221; link=&#8221;\/en\/mandometer-method\/individual-treatment-plan\/&#8221; align=&#8221;center&#8221; margin_bottom=&#8221;15&#8243; crop=&#8221;false&#8221;][\/vc_column_inner][vc_column_inner width=&#8221;7\/12&#8243;][mk_icon_box icon=&#8221;no&#8221; title=&#8221;All patients have a personal case manager who takes care of them throughout the whole treatment&#8221; text_size=&#8221;24&#8243; font_weight=&#8221;300&#8243; read_more_txt=&#8221;Learn more about our treatment&#8221; read_more_url=&#8221;\/en\/mandometer-method\/individual-treatment-plan\/&#8221; icon_color=&#8221;#a1ce8e&#8221; icon_circle_color=&#8221;#a1ce8e&#8221; margin=&#8221;0&#8243; el_class=&#8221;MandoIconBox&#8221;][\/mk_icon_box][\/vc_column_inner][\/vc_row_inner][\/mk_custom_box][mk_divider style=&#8221;thin_solid&#8221; margin_top=&#8221;0&#8243; margin_bottom=&#8221;15&#8243;][\/vc_column][vc_column width=&#8221;1\/3&#8243; el_class=&#8221;MandoRightColumn&#8221;][mk_custom_box padding_vertical=&#8221;0&#8243; padding_horizental=&#8221;0&#8243; margin_bottom=&#8221;15&#8243;][mk_image src=&#8221;https:\/\/mando.se\/wp-content\/uploads\/Bergh1_j2.png&#8221; image_size=&#8221;full&#8221; group=&#8221;_general&#8221; link=&#8221;https:\/\/mando.se\/?page_id=228&#8243; align=&#8221;center&#8221; crop=&#8221;false&#8221;][mk_icon_box icon=&#8221;no&#8221; text_size=&#8221;22&#8243; font_weight=&#8221;300&#8243; read_more_txt=&#8221;Our method&#8221; read_more_url=&#8221;\/en\/mandometer-method\/&#8221; icon_color=&#8221;#a1ce8e&#8221; icon_circle_color=&#8221;#a1ce8e&#8221; margin=&#8221;10&#8243;]\n<h3 style=\"text-align: center;\"><a href=\"\/?page_id=222\">It is possible to recover from an eating disorder<\/a><\/h3>\n[\/mk_icon_box][\/mk_custom_box][\/vc_column][\/vc_row]\n<\/div>","protected":false},"excerpt":{"rendered":"<p>[vc_row][vc_column width=&#8221;2\/3&#8243;][mk_title_box color=&#8221;#666666&#8243; highlight_color=&#8221;#000000&#8243; highlight_opacity=&#8221;0&#8243; size=&#8221;16&#8243; line_height=&#8221;26&#8243; margin_bottom=&#8221;30&#8243; font_family=&#8221;none&#8221;]You can apply for treatment with us directly via self referral &gt;[\/mk_title_box][vc_column_text css=&#8221;.vc_custom_1732721725167{margin-bottom: 0px !important;}&#8221;] If you live in Region V\u00e4stra G\u00f6taland (VGR) If you are registered in Region V\u00e4stra G\u00f6taland you can refer yourself directly to The Mandometer Clinic Alings\u00e5s.\u00a0 We will then call you to [&hellip;]<\/p>\n","protected":false},"author":2,"featured_media":0,"parent":3748,"menu_order":1,"comment_status":"closed","ping_status":"closed","template":"","meta":{"rs_blank_template":"","rs_page_bg_color":"","slide_template_v7":""},"yoast_head":"<!-- This site is optimized with the Yoast SEO plugin v19.1 - https:\/\/yoast.com\/wordpress\/plugins\/seo\/ -->\n<title>How does self referral work?<\/title>\n<meta name=\"robots\" content=\"index, follow, max-snippet:-1, max-image-preview:large, max-video-preview:-1\" \/>\n<link rel=\"canonical\" href=\"https:\/\/mando.se\/en\/apply-for-treatment-2\/how-does-self-referral-work\/\" \/>\n<meta property=\"og:locale\" content=\"en_US\" \/>\n<meta property=\"og:type\" content=\"article\" \/>\n<meta property=\"og:title\" content=\"How does self referral work?\" \/>\n<meta property=\"og:description\" content=\"[vc_row][vc_column width=&#8221;2\/3&#8243;][mk_title_box color=&#8221;#666666&#8243; highlight_color=&#8221;#000000&#8243; highlight_opacity=&#8221;0&#8243; size=&#8221;16&#8243; line_height=&#8221;26&#8243; margin_bottom=&#8221;30&#8243; font_family=&#8221;none&#8221;]You can apply for treatment with us directly via self referral &gt;[\/mk_title_box][vc_column_text css=&#8221;.vc_custom_1732721725167{margin-bottom: 0px !important;}&#8221;] If you live in Region V\u00e4stra G\u00f6taland (VGR) If you are registered in Region V\u00e4stra G\u00f6taland you can refer yourself directly to The Mandometer Clinic Alings\u00e5s.\u00a0 We will then call you to [&hellip;]\" \/>\n<meta property=\"og:url\" content=\"https:\/\/mando.se\/en\/apply-for-treatment-2\/how-does-self-referral-work\/\" \/>\n<meta property=\"og:site_name\" content=\"Mandometerklinikerna\" \/>\n<meta property=\"article:publisher\" content=\"https:\/\/www.facebook.com\/Mandometerklinikerna-571339212953286\/\" \/>\n<meta property=\"article:modified_time\" content=\"2024-11-27T15:24:36+00:00\" \/>\n<meta property=\"og:image\" content=\"https:\/\/mando.se\/wp-content\/uploads\/mando_tree_2023_webb-1.jpg\" \/>\n\t<meta property=\"og:image:width\" content=\"1200\" \/>\n\t<meta property=\"og:image:height\" content=\"636\" \/>\n\t<meta property=\"og:image:type\" content=\"image\/jpeg\" \/>\n<meta name=\"twitter:card\" content=\"summary_large_image\" \/>\n<meta name=\"twitter:site\" content=\"@Mandometer\" \/>\n<meta name=\"twitter:label1\" content=\"Est. reading time\" \/>\n\t<meta name=\"twitter:data1\" content=\"6 minutes\" \/>\n<script type=\"application\/ld+json\" class=\"yoast-schema-graph\">{\"@context\":\"https:\/\/schema.org\",\"@graph\":[{\"@type\":\"Organization\",\"@id\":\"https:\/\/mando.se\/#organization\",\"name\":\"AB Mando\",\"url\":\"https:\/\/mando.se\/\",\"sameAs\":[\"https:\/\/i.instagram.com\/mandometerklinikerna\/\",\"https:\/\/www.youtube.com\/user\/MandometerChannel\",\"https:\/\/www.facebook.com\/Mandometerklinikerna-571339212953286\/\",\"https:\/\/twitter.com\/Mandometer\"],\"logo\":{\"@type\":\"ImageObject\",\"inLanguage\":\"en-US\",\"@id\":\"https:\/\/mando.se\/#\/schema\/logo\/image\/\",\"url\":\"https:\/\/mando.se\/wp-content\/uploads\/mandometer_logo_19.png\",\"contentUrl\":\"https:\/\/mando.se\/wp-content\/uploads\/mandometer_logo_19.png\",\"width\":210,\"height\":90,\"caption\":\"AB Mando\"},\"image\":{\"@id\":\"https:\/\/mando.se\/#\/schema\/logo\/image\/\"}},{\"@type\":\"WebSite\",\"@id\":\"https:\/\/mando.se\/#website\",\"url\":\"https:\/\/mando.se\/\",\"name\":\"Mandometerklinikerna\",\"description\":\"Behandlar och botar &auml;tst&ouml;rningar\",\"publisher\":{\"@id\":\"https:\/\/mando.se\/#organization\"},\"potentialAction\":[{\"@type\":\"SearchAction\",\"target\":{\"@type\":\"EntryPoint\",\"urlTemplate\":\"https:\/\/mando.se\/?s={search_term_string}\"},\"query-input\":\"required name=search_term_string\"}],\"inLanguage\":\"en-US\"},{\"@type\":\"WebPage\",\"@id\":\"https:\/\/mando.se\/en\/apply-for-treatment-2\/how-does-self-referral-work\/#webpage\",\"url\":\"https:\/\/mando.se\/en\/apply-for-treatment-2\/how-does-self-referral-work\/\",\"name\":\"How does self referral work?\",\"isPartOf\":{\"@id\":\"https:\/\/mando.se\/#website\"},\"datePublished\":\"2015-06-04T09:19:20+00:00\",\"dateModified\":\"2024-11-27T15:24:36+00:00\",\"breadcrumb\":{\"@id\":\"https:\/\/mando.se\/en\/apply-for-treatment-2\/how-does-self-referral-work\/#breadcrumb\"},\"inLanguage\":\"en-US\",\"potentialAction\":[{\"@type\":\"ReadAction\",\"target\":[\"https:\/\/mando.se\/en\/apply-for-treatment-2\/how-does-self-referral-work\/\"]}]},{\"@type\":\"BreadcrumbList\",\"@id\":\"https:\/\/mando.se\/en\/apply-for-treatment-2\/how-does-self-referral-work\/#breadcrumb\",\"itemListElement\":[{\"@type\":\"ListItem\",\"position\":1,\"name\":\"Home\",\"item\":\"https:\/\/mando.se\/en\/\"},{\"@type\":\"ListItem\",\"position\":2,\"name\":\"Apply for treatment\",\"item\":\"https:\/\/mando.se\/en\/apply-for-treatment-2\/\"},{\"@type\":\"ListItem\",\"position\":3,\"name\":\"How does self referral work?\"}]}]}<\/script>\n<!-- \/ Yoast SEO plugin. -->","yoast_head_json":{"title":"How does self referral work?","robots":{"index":"index","follow":"follow","max-snippet":"max-snippet:-1","max-image-preview":"max-image-preview:large","max-video-preview":"max-video-preview:-1"},"canonical":"https:\/\/mando.se\/en\/apply-for-treatment-2\/how-does-self-referral-work\/","og_locale":"en_US","og_type":"article","og_title":"How does self referral work?","og_description":"[vc_row][vc_column width=&#8221;2\/3&#8243;][mk_title_box color=&#8221;#666666&#8243; highlight_color=&#8221;#000000&#8243; highlight_opacity=&#8221;0&#8243; size=&#8221;16&#8243; line_height=&#8221;26&#8243; margin_bottom=&#8221;30&#8243; font_family=&#8221;none&#8221;]You can apply for treatment with us directly via self referral &gt;[\/mk_title_box][vc_column_text css=&#8221;.vc_custom_1732721725167{margin-bottom: 0px !important;}&#8221;] If you live in Region V\u00e4stra G\u00f6taland (VGR) If you are registered in Region V\u00e4stra G\u00f6taland you can refer yourself directly to The Mandometer Clinic Alings\u00e5s.\u00a0 We will then call you to [&hellip;]","og_url":"https:\/\/mando.se\/en\/apply-for-treatment-2\/how-does-self-referral-work\/","og_site_name":"Mandometerklinikerna","article_publisher":"https:\/\/www.facebook.com\/Mandometerklinikerna-571339212953286\/","article_modified_time":"2024-11-27T15:24:36+00:00","og_image":[{"width":1200,"height":636,"url":"https:\/\/mando.se\/wp-content\/uploads\/mando_tree_2023_webb-1.jpg","type":"image\/jpeg"}],"twitter_card":"summary_large_image","twitter_site":"@Mandometer","twitter_misc":{"Est. reading time":"6 minutes"},"schema":{"@context":"https:\/\/schema.org","@graph":[{"@type":"Organization","@id":"https:\/\/mando.se\/#organization","name":"AB Mando","url":"https:\/\/mando.se\/","sameAs":["https:\/\/i.instagram.com\/mandometerklinikerna\/","https:\/\/www.youtube.com\/user\/MandometerChannel","https:\/\/www.facebook.com\/Mandometerklinikerna-571339212953286\/","https:\/\/twitter.com\/Mandometer"],"logo":{"@type":"ImageObject","inLanguage":"en-US","@id":"https:\/\/mando.se\/#\/schema\/logo\/image\/","url":"https:\/\/mando.se\/wp-content\/uploads\/mandometer_logo_19.png","contentUrl":"https:\/\/mando.se\/wp-content\/uploads\/mandometer_logo_19.png","width":210,"height":90,"caption":"AB Mando"},"image":{"@id":"https:\/\/mando.se\/#\/schema\/logo\/image\/"}},{"@type":"WebSite","@id":"https:\/\/mando.se\/#website","url":"https:\/\/mando.se\/","name":"Mandometerklinikerna","description":"Behandlar och botar &auml;tst&ouml;rningar","publisher":{"@id":"https:\/\/mando.se\/#organization"},"potentialAction":[{"@type":"SearchAction","target":{"@type":"EntryPoint","urlTemplate":"https:\/\/mando.se\/?s={search_term_string}"},"query-input":"required name=search_term_string"}],"inLanguage":"en-US"},{"@type":"WebPage","@id":"https:\/\/mando.se\/en\/apply-for-treatment-2\/how-does-self-referral-work\/#webpage","url":"https:\/\/mando.se\/en\/apply-for-treatment-2\/how-does-self-referral-work\/","name":"How does self referral work?","isPartOf":{"@id":"https:\/\/mando.se\/#website"},"datePublished":"2015-06-04T09:19:20+00:00","dateModified":"2024-11-27T15:24:36+00:00","breadcrumb":{"@id":"https:\/\/mando.se\/en\/apply-for-treatment-2\/how-does-self-referral-work\/#breadcrumb"},"inLanguage":"en-US","potentialAction":[{"@type":"ReadAction","target":["https:\/\/mando.se\/en\/apply-for-treatment-2\/how-does-self-referral-work\/"]}]},{"@type":"BreadcrumbList","@id":"https:\/\/mando.se\/en\/apply-for-treatment-2\/how-does-self-referral-work\/#breadcrumb","itemListElement":[{"@type":"ListItem","position":1,"name":"Home","item":"https:\/\/mando.se\/en\/"},{"@type":"ListItem","position":2,"name":"Apply for treatment","item":"https:\/\/mando.se\/en\/apply-for-treatment-2\/"},{"@type":"ListItem","position":3,"name":"How does self referral work?"}]}]}},"_links":{"self":[{"href":"https:\/\/mando.se\/en\/wp-json\/wp\/v2\/pages\/4756\/"}],"collection":[{"href":"https:\/\/mando.se\/en\/wp-json\/wp\/v2\/pages\/"}],"about":[{"href":"https:\/\/mando.se\/en\/wp-json\/wp\/v2\/types\/page\/"}],"author":[{"embeddable":true,"href":"https:\/\/mando.se\/en\/wp-json\/wp\/v2\/users\/2\/"}],"replies":[{"embeddable":true,"href":"https:\/\/mando.se\/en\/wp-json\/wp\/v2\/comments\/?post=4756"}],"version-history":[{"count":13,"href":"https:\/\/mando.se\/en\/wp-json\/wp\/v2\/pages\/4756\/revisions\/"}],"predecessor-version":[{"id":20051,"href":"https:\/\/mando.se\/en\/wp-json\/wp\/v2\/pages\/4756\/revisions\/20051\/"}],"up":[{"embeddable":true,"href":"https:\/\/mando.se\/en\/wp-json\/wp\/v2\/pages\/3748\/"}],"wp:attachment":[{"href":"https:\/\/mando.se\/en\/wp-json\/wp\/v2\/media\/?parent=4756"}],"curies":[{"name":"wp","href":"https:\/\/api.w.org\/{rel}","templated":true}]}}